{"id":44857,"date":"2016-02-23T15:16:58","date_gmt":"2016-02-23T14:16:58","guid":{"rendered":"https:\/\/kleemeventos.com\/contacto\/"},"modified":"2025-06-12T15:41:48","modified_gmt":"2025-06-12T13:41:48","slug":"contact","status":"publish","type":"page","link":"https:\/\/www.kleemeventos.com\/en\/contact\/","title":{"rendered":"Contact"},"content":{"rendered":"<div class=\"wpb-content-wrapper\"><p>[vc_row row_type=&#8221;row&#8221; use_row_as_full_screen_section=&#8221;no&#8221; type=&#8221;grid&#8221; angled_section=&#8221;no&#8221; text_align=&#8221;left&#8221; background_image_as_pattern=&#8221;without_pattern&#8221; padding_top=&#8221;80&#8243; padding_bottom=&#8221;40&#8243; css_animation=&#8221;&#8221;][vc_column offset=&#8221;vc_col-lg-6 vc_col-md-6&#8243;][vc_column_text]<\/p>\n<h5>DO YOU NEED HELP?<\/h5>\n<p>[\/vc_column_text][vc_separator type=&#8221;transparent&#8221; up=&#8221;30&#8243; down=&#8221;0&#8243;]\n<div class=\"wpcf7 no-js\" id=\"wpcf7-f44861-o1\" lang=\"en-US\" dir=\"ltr\" data-wpcf7-id=\"44861\">\n<div class=\"screen-reader-response\"><p role=\"status\" aria-live=\"polite\" aria-atomic=\"true\"><\/p> <ul><\/ul><\/div>\n<form action=\"\/en\/wp-json\/wp\/v2\/pages\/44857#wpcf7-f44861-o1\" method=\"post\" class=\"wpcf7-form init cf7_custom_style_1\" aria-label=\"Contact form\" novalidate=\"novalidate\" data-status=\"init\">\n<fieldset class=\"hidden-fields-container\"><input type=\"hidden\" name=\"_wpcf7\" value=\"44861\" \/><input type=\"hidden\" name=\"_wpcf7_version\" value=\"6.1.2\" \/><input type=\"hidden\" name=\"_wpcf7_locale\" value=\"en_US\" \/><input type=\"hidden\" name=\"_wpcf7_unit_tag\" value=\"wpcf7-f44861-o1\" \/><input type=\"hidden\" name=\"_wpcf7_container_post\" value=\"0\" \/><input type=\"hidden\" name=\"_wpcf7_posted_data_hash\" value=\"\" \/><input type=\"hidden\" name=\"_wpcf7_recaptcha_response\" value=\"\" \/>\n<\/fieldset>\n<div style=\"margin: 10px 0px;\">\n\t<div class=\"section_inner_margin clearfix\">\n\t\t<div class=\"wpb_column vc_column_container vc_col-sm-12 vc_col-lg-6 vc_col-md-6\">\n\t\t\t<div class=\"vc_column-inner \">\n\t\t\t\t<div class=\"wpb_wrapper\">\n\t\t\t\t\t<p><label for=\"name\">Name <\/label><span class=\"wpcf7-form-control-wrap\" data-name=\"your-name\"><input size=\"40\" maxlength=\"400\" class=\"wpcf7-form-control wpcf7-text wpcf7-validates-as-required\" id=\"name\" aria-required=\"true\" aria-invalid=\"false\" placeholder=\"Name\" value=\"\" type=\"text\" name=\"your-name\" \/><\/span>\n\t\t\t\t\t<\/p>\n\t\t\t\t<\/div>\n\t\t\t<\/div>\n\t\t<\/div>\n\t\t<div class=\"wpb_column vc_column_container vc_col-sm-12 vc_col-lg-6 vc_col-md-6\">\n\t\t\t<div class=\"vc_column-inner \">\n\t\t\t\t<div class=\"wpb_wrapper\">\n\t\t\t\t\t<p><label for=\"telephone\">Telephone<\/label><span class=\"wpcf7-form-control-wrap\" data-name=\"your-subject\"><input size=\"40\" maxlength=\"400\" class=\"wpcf7-form-control wpcf7-text\" id=\"telephone\" aria-invalid=\"false\" placeholder=\"Telephone\" value=\"\" type=\"text\" name=\"your-subject\" \/><\/span>\n\t\t\t\t\t<\/p>\n\t\t\t\t<\/div>\n\t\t\t<\/div>\n\t\t<\/div>\n\t<\/div>\n<\/div>\n<div class=\"section_inner_margin clearfix\">\n\t<div class=\"wpb_column vc_column_container vc_col-sm-12 vc_col-lg-6 vc_col-md-6\">\n\t\t<div class=\"vc_column-inner \">\n\t\t\t<div class=\"wpb_wrapper\">\n\t\t\t\t<p><label for=\"email\">Email <\/label><span class=\"wpcf7-form-control-wrap\" data-name=\"your-email\"><input size=\"40\" maxlength=\"400\" class=\"wpcf7-form-control wpcf7-email wpcf7-validates-as-required wpcf7-text wpcf7-validates-as-email\" id=\"email\" aria-required=\"true\" aria-invalid=\"false\" placeholder=\"Email\" value=\"\" type=\"email\" name=\"your-email\" \/><\/span>\n\t\t\t\t<\/p>\n\t\t\t<\/div>\n\t\t<\/div>\n\t<\/div>\n\t<div class=\"wpb_column vc_column_container vc_col-sm-12 vc_col-lg-6 vc_col-md-6\">\n\t\t<div class=\"vc_column-inner \">\n\t\t\t<div class=\"wpb_wrapper\">\n\t\t\t\t<p><label for=\"personas\">Approx. number of people <\/label><span class=\"wpcf7-form-control-wrap\" data-name=\"personas\"><input size=\"40\" maxlength=\"400\" class=\"wpcf7-form-control wpcf7-text wpcf7-validates-as-required\" id=\"personas\" aria-required=\"true\" aria-invalid=\"false\" placeholder=\"Approx. number of people.\" value=\"\" type=\"text\" name=\"personas\" \/><\/span>\n\t\t\t\t<\/p>\n\t\t\t<\/div>\n\t\t<\/div>\n\t<\/div>\n<\/div>\n<div style=\"margin: 10px 0px;\">\n\t<p><label for=\"mensaje\">Message<\/label><br \/>\n<label for=\"mensaje\">Message<\/label><span class=\"wpcf7-form-control-wrap\" data-name=\"your-message\"><textarea cols=\"40\" rows=\"10\" maxlength=\"2000\" class=\"wpcf7-form-control wpcf7-textarea\" id=\"mensaje\" aria-invalid=\"false\" placeholder=\"Message\" name=\"your-message\"><\/textarea><\/span>\n\t<\/p>\n<\/div>\n<p><label><\/label><br \/>\n<strong>Privacy Policy<\/strong>\n<\/p>\n<p><label for=\"terminos\">Terms<\/label><span class=\"wpcf7-form-control-wrap\" data-name=\"terms\"><textarea cols=\"40\" rows=\"10\" maxlength=\"2000\" class=\"wpcf7-form-control wpcf7-textarea\" readonly=\"readonly\" aria-invalid=\"false\" name=\"terms\">In accordance with the provisions of REGULATION (EU) 2016\/679 on the protection of personal data, we inform you that the data you provide us will be incorporated into the processing system owned by WIN &amp; LIFE CONSULTING SL CIF B87377792 and registered office located at C\/Fresnos 13 28300 Aranjuez (Madrid), with registered office at the purpose of answering the queries you ask us.\n\nThe data will be processed in a lawful, fair, transparent, adequate, pertinent, limited, exact and updated manner. Unless you tell us otherwise, we will understand that your data has not been modified and that you agree to notify us of any variation. In the event that it is necessary to communicate your data to other recipients, you can consult more information in the privacy policy available on the website https:\/\/www.kleemeventos.com\/politica-de-privacidad\/.\n\nIn accordance with the rights conferred on you by current regulations, you may exercise your rights of access, rectification, limitation of processing, deletion, portability and opposition to the processing of your personal data as well as revoke the consent given, by directing your request to the postal address indicated or to the email info@kleemeventos.com.\n\nYou can also contact us for any clarification in relation to this form or in relation to the processing of your data.\n\nIn case of non-acceptance, your data will not be processed.<\/textarea><\/span>\n<\/p>\n<div style=\"margin: 10px 0px;\">\n\t<p><span class=\"wpcf7-form-control-wrap\" data-name=\"acceptance-901\"><span class=\"wpcf7-form-control wpcf7-acceptance\"><span class=\"wpcf7-list-item\"><input type=\"checkbox\" name=\"acceptance-901\" value=\"1\" aria-invalid=\"false\" \/><\/span><\/span><\/span> I have read and accept the terms of the <a href='https:\/\/www.kleemeventos.com\/politica-de-privacidad\/' target='_blank'>Privacy Policy<\/a>\n\t<\/p>\n<\/div>\n<div style=\"margin: 10px 0px;\">\n\t<p><input class=\"wpcf7-form-control wpcf7-submit has-spinner\" type=\"submit\" value=\"Send\" \/>\n\t<\/p>\n<\/div><div class=\"wpcf7-response-output\" aria-hidden=\"true\"><\/div>\n<\/form>\n<\/div>\n[vc_separator type=&#8221;transparent&#8221; up=&#8221;60&#8243; down=&#8221;0&#8243;][\/vc_column][vc_column offset=&#8221;vc_col-lg-6 vc_col-md-6&#8243;][vc_column_text]<\/p>\n<h5>WANT AN IMMEDIATE RESPONSE, CALL US!<\/h5>\n<p>[\/vc_column_text][vc_separator type=&#8221;transparent&#8221; up=&#8221;30&#8243; down=&#8221;0&#8243;][vc_column_text]<i class=\"fa fa-clock-o\"><\/i> <strong>Monday &#8211; Friday<\/strong> 9:00-19:00<br \/>\n<i class=\"fa fa-clock-o\"><\/i> <strong>Saturday<\/strong> 9:00-14:30[\/vc_column_text][vc_separator type=&#8221;transparent&#8221; up=&#8221;10&#8243; down=&#8221;0&#8243;][vc_column_text]<i class=\"fa fa-phone-square\"><\/i> <strong><a href=\"tel:666382298\">666 382 298<\/a> &#8211; <a href=\"tel:675277173\">675 277 173<\/a><\/strong><strong><br \/>\n<strong><i class=\"fa fa-envelope\"><\/i> <a href=\"mailto:info@kleemeventos.com\">info@kleemeventos.com<\/a><\/strong><br \/>\n<strong><i class=\"fa fa-envelope\"><\/i> <a href=\"mailto:eventos@kleemeventos.com\">eventos@kleemeventos.com<\/a><\/strong><\/strong>[\/vc_column_text][vc_separator type=&#8221;transparent&#8221; up=&#8221;27&#8243; down=&#8221;0&#8243;]<span data-type=\"circle\" data-hover-bg-color=\"#1abc9c\" data-hover-icon-color=\"#ffffff\" class=\"qode_icon_shortcode fa-stack q_font_awsome_icon_stack fa-lg  \" style=\"font-size: 17px;font-size: 29px;margin: 0 -5px 0 0 ; \"><a  itemprop=\"url\" href=\"https:\/\/twitter.com\/kleemeventos10\" target=\"_blank\"><i class=\"fa fa-circle fa-stack-base fa-stack-2x\" style=\"color: #ffffff;\"><\/i><span aria-hidden=\"true\" class=\"qode_icon_font_elegant social_twitter qode_icon_element fa-stack-1x\" style=\"font-size: 17px;color: #303030;\" ><\/span><\/a><\/span><span data-type=\"circle\" data-hover-bg-color=\"#1abc9c\" data-hover-icon-color=\"#ffffff\" class=\"qode_icon_shortcode fa-stack q_font_awsome_icon_stack fa-lg  \" style=\"font-size: 17px;font-size: 29px;margin: 0 -5px 0 0 ; \"><a  itemprop=\"url\" href=\"https:\/\/www.facebook.com\/kleemeventos\/\" target=\"_blank\"><i class=\"fa fa-circle fa-stack-base fa-stack-2x\" style=\"color: #ffffff;\"><\/i><span aria-hidden=\"true\" class=\"qode_icon_font_elegant social_facebook qode_icon_element fa-stack-1x\" style=\"font-size: 17px;color: #303030;\" ><\/span><\/a><\/span><span data-type=\"circle\" data-hover-bg-color=\"#1abc9c\" data-hover-icon-color=\"#ffffff\" class=\"qode_icon_shortcode fa-stack q_font_awsome_icon_stack fa-lg  \" style=\"font-size: 17px;font-size: 29px;margin: 0 -5px 0 0 ; \"><a  itemprop=\"url\" href=\"https:\/\/es.linkedin.com\/company\/kleemeventos\" target=\"_blank\"><i class=\"fa fa-circle fa-stack-base fa-stack-2x\" style=\"color: #ffffff;\"><\/i><span aria-hidden=\"true\" class=\"qode_icon_font_elegant social_linkedin_circle qode_icon_element fa-stack-1x\" style=\"font-size: 17px;color: #303030;\" ><\/span><\/a><\/span><span data-type=\"circle\" data-hover-bg-color=\"#1abc9c\" data-hover-icon-color=\"#ffffff\" class=\"qode_icon_shortcode fa-stack q_font_awsome_icon_stack fa-lg  \" style=\"font-size: 17px;font-size: 29px;margin: 0 -5px 0 0 ; \"><a  itemprop=\"url\" href=\"https:\/\/www.instagram.com\/kleemeventos\/\" target=\"_blank\"><i class=\"fa fa-circle fa-stack-base fa-stack-2x\" style=\"color: #ffffff;\"><\/i><span aria-hidden=\"true\" class=\"qode_icon_font_elegant social_instagram_circle qode_icon_element fa-stack-1x\" style=\"font-size: 17px;color: #303030;\" ><\/span><\/a><\/span>[vc_separator type=&#8221;transparent&#8221; up=&#8221;60&#8243; down=&#8221;0&#8243;][vc_column_text]<\/p>\n<h3><strong><span style=\"color: #ffe600;\">We design unique team building experiences that transform work teams. <\/span><\/strong><strong><span style=\"color: #ffe600;\">We make a different work day possible.<\/span><\/strong><\/h3>\n<h3><strong><span style=\"color: #ffe600;\">Do you think<\/span><\/strong><strong><span style=\"color: #ffe600;\"> that you have seen it all?<\/span><\/strong><\/h3>\n<h3><\/h3>\n<p>[\/vc_column_text][\/vc_column][\/vc_row][vc_row row_type=&#8221;row&#8221; use_row_as_full_screen_section=&#8221;no&#8221; type=&#8221;grid&#8221; angled_section=&#8221;no&#8221; text_align=&#8221;left&#8221; background_image_as_pattern=&#8221;without_pattern&#8221; background_color=&#8221;#ffffff&#8221; padding_top=&#8221;80&#8243; padding_bottom=&#8221;80&#8243; css_animation=&#8221;&#8221;][vc_column width=&#8221;1\/2&#8243;][vc_single_image image=&#8221;43666&#8243; img_size=&#8221;full&#8221; qode_css_animation=&#8221;&#8221;][\/vc_column][vc_column width=&#8221;1\/2&#8243;][vc_column_text]<\/p>\n<h2>ACTIVITIES FOR COMPANIES<\/h2>\n<p>[\/vc_column_text][vc_separator type=&#8221;transparent&#8221; up=&#8221;30&#8243; down=&#8221;0&#8243;][vc_column_text]Receive your <strong>kleemEventos<\/strong> quote without obligation, we adapt your needs to our products.<\/p>\n<p>We have the <strong>best<\/strong> professionals in our sector, applying their knowledge and innovating to offer <strong>activities<\/strong> and work days to <strong>groups<\/strong> and companies in a professional, transparent and competitive way.<\/p>\n<p>Our own producers of <strong>activities<\/strong> and events. Learn about the advantages of working with our agency, years of experience support us, request information without obligation.<br \/>\n[\/vc_column_text][vc_separator type=&#8221;transparent&#8221; up=&#8221;10&#8243; down=&#8221;0&#8243;]<blockquote class=' with_quote_icon' style='background-color: #1abc9c;'><i class='fa fa-quote-right' style='color: #ffffff;'><\/i><h5 class='blockquote-text' style='color: #ffffff;'>We are happy to help you!<\/h5><\/blockquote>[\/vc_column][\/vc_row][vc_row row_type=&#8221;row&#8221; use_row_as_full_screen_section=&#8221;no&#8221; type=&#8221;full_width&#8221; angled_section=&#8221;no&#8221; text_align=&#8221;left&#8221; background_image_as_pattern=&#8221;without_pattern&#8221; background_color=&#8221;#1abc9c&#8221; padding_top=&#8221;70&#8243; padding_bottom=&#8221;70&#8243; css_animation=&#8221;&#8221;][vc_column]<div class='qode_carousels_holder clearfix'><div class='qode_carousels' data-number-of-visible-items=''><ul class='slides'><li class='item'><div class=\"carousel_item_holder\"><span class='first_image_holder has_hover_image'><img decoding=\"async\" itemprop=\"image\" src=\"https:\/\/www.kleemeventos.com\/wp-content\/uploads\/2016\/06\/ikea_logo.png\" alt=\"carousel image\" \/><\/span><span class='second_image_holder has_hover_image'><img decoding=\"async\" itemprop=\"image\" src=\"https:\/\/www.kleemeventos.com\/wp-content\/uploads\/2016\/06\/ikea_logo.png\" alt=\"carousel image\" \/><\/span><\/div><\/li><li class='item'><div class=\"carousel_item_holder\"><span class='first_image_holder has_hover_image'><img decoding=\"async\" itemprop=\"image\" src=\"https:\/\/www.kleemeventos.com\/wp-content\/uploads\/2016\/06\/adecco_logo.png\" alt=\"carousel image\" \/><\/span><span class='second_image_holder has_hover_image'><img decoding=\"async\" itemprop=\"image\" src=\"https:\/\/www.kleemeventos.com\/wp-content\/uploads\/2016\/06\/adecco_logo.png\" alt=\"carousel image\" \/><\/span><\/div><\/li><li class='item'><div class=\"carousel_item_holder\"><span class='first_image_holder has_hover_image'><img decoding=\"async\" itemprop=\"image\" src=\"https:\/\/www.kleemeventos.com\/wp-content\/uploads\/2016\/06\/barcelo_logo.png\" alt=\"carousel image\" \/><\/span><span class='second_image_holder has_hover_image'><img decoding=\"async\" itemprop=\"image\" src=\"https:\/\/www.kleemeventos.com\/wp-content\/uploads\/2016\/06\/barcelo_logo.png\" alt=\"carousel image\" \/><\/span><\/div><\/li><li class='item'><div class=\"carousel_item_holder\"><span class='first_image_holder has_hover_image'><img decoding=\"async\" itemprop=\"image\" src=\"https:\/\/www.kleemeventos.com\/wp-content\/uploads\/2016\/06\/el_corte_ingles_logo.png\" alt=\"carousel image\" \/><\/span><span class='second_image_holder has_hover_image'><img decoding=\"async\" itemprop=\"image\" src=\"https:\/\/www.kleemeventos.com\/wp-content\/uploads\/2016\/06\/el_corte_ingles_logo.png\" alt=\"carousel image\" \/><\/span><\/div><\/li><li class='item'><div class=\"carousel_item_holder\"><span class='first_image_holder has_hover_image'><img decoding=\"async\" itemprop=\"image\" src=\"https:\/\/www.kleemeventos.com\/wp-content\/uploads\/2016\/06\/fcc_logo.png\" alt=\"carousel image\" \/><\/span><span class='second_image_holder has_hover_image'><img decoding=\"async\" itemprop=\"image\" src=\"https:\/\/www.kleemeventos.com\/wp-content\/uploads\/2016\/06\/fcc_logo.png\" alt=\"carousel image\" \/><\/span><\/div><\/li><li class='item'><div class=\"carousel_item_holder\"><span class='first_image_holder has_hover_image'><img decoding=\"async\" itemprop=\"image\" src=\"https:\/\/www.kleemeventos.com\/wp-content\/uploads\/2016\/06\/kia_motors_logo.png\" alt=\"carousel image\" \/><\/span><span class='second_image_holder has_hover_image'><img decoding=\"async\" itemprop=\"image\" src=\"https:\/\/www.kleemeventos.com\/wp-content\/uploads\/2016\/06\/kia_motors_logo.png\" alt=\"carousel image\" \/><\/span><\/div><\/li><\/ul><\/div><\/div>[\/vc_column][\/vc_row][vc_row row_type=&#8221;row&#8221; use_row_as_full_screen_section=&#8221;no&#8221; type=&#8221;full_width&#8221; angled_section=&#8221;no&#8221; text_align=&#8221;left&#8221; background_image_as_pattern=&#8221;without_pattern&#8221; padding_top=&#8221;0&#8243; padding_bottom=&#8221;0&#8243; css_animation=&#8221;&#8221;][vc_column][vc_gmaps link=&#8221;#E-8_JTNDaWZyYW1lJTIwc3R5bGUlM0QlMjJ3aWR0aCUzQSUyMDEwMCUyNSUzQiUyMGhlaWdodCUzQSUyMDQ1MH B4JTNCJTIyJTIwc3JjJTNEJTIyaHR0cHMlM0ElMkYlMkZ3d3cuZ29vZ2xlLmNvbSUyRm1hcHMlMkZlbWJlZCUzRnBiJTNE JTIxMW0xNCUyMTFtOCUyMTFtMyUyMTFkMTIxNDcuMzIwMDE0NDU5MDMyJTIxMmQtMy43MDMxNzMlMjEzZDQwLjQzNDc2M yUyMTNtMiUyMTFpMTAyNCUyMTJpNzY4JTIxNGYxMy4xJTIxM20zJTIxMW0yJTIxMXMweDAlMjUzQTB4ZGI1YmY3MDNhZDM xM2M3ZSUyMTJzS2xlZW1FdmVudG9zJTJCLSUyQlRlYW0lMkJCdWlsZGluZyUyQk1hZHJpZCUyQi0lMkJBY3RpdmlkYWRl cyUyQnBhcmElMkJlbXByZXNhcyUyQi0lMkJGYW1pbHklMkJEYXklMjE1ZTAlMjEzbTIlMjExc2VzJTIxMnNlcyUyMTR2MT Q3NzYwNzE2OTYzNSUyMiUyMHdpZHRoJTNEJTIyMzAwJTIyJTIwaGVpZ2h0JTNEJTIyMTUwJTIyJTIwZnJhbWVib3JkZXI lM0QlMjIwJTIyJTIwYWxsb3dmdWxsc2NyZWVuJTNEJTIyYWxsb3dmdWxsc2NyZWVuJTIyJTNFJTNDJTJGaWZyYW1lJTNF&#8221; size=&#8221;450&#8243;][\/vc_column][\/vc_row]<\/p>\n<\/div>","protected":false},"excerpt":{"rendered":"<p>[vc_row row_type=&#8221;row&#8221; use_row_as_full_screen_section=&#8221;no&#8221; type=&#8221;grid&#8221; angled_section=&#8221;no&#8221; text_align=&#8221;left&#8221; background_image_as_pattern=&#8221;without_pattern&#8221; padding_top=&#8221;80&#8243; padding_bottom=&#8221;40&#8243; css_animation=&#8221;&#8221;][vc_column offset=&#8221;vc_col-lg-6 vc_col-md-6&#8243;][vc_column_text] DO YOU NEED HELP? [\/vc_column_text][vc_separator type=&#8221;transparent&#8221; up=&#8221;30&#8243; down=&#8221;0&#8243;][vc_separator type=&#8221;transparent&#8221; up=&#8221;60&#8243; down=&#8221;0&#8243;][\/vc_column][vc_column offset=&#8221;vc_col-lg-6 vc_col-md-6&#8243;][vc_column_text] WANT AN IMMEDIATE RESPONSE, CALL US! [\/vc_column_text][vc_separator type=&#8221;transparent&#8221; up=&#8221;30&#8243; down=&#8221;0&#8243;][vc_column_text] Monday &#8211; Friday 9:00-19:00 Saturday 9:00-14:30[\/vc_column_text][vc_separator type=&#8221;transparent&#8221; up=&#8221;10&#8243; down=&#8221;0&#8243;][vc_column_text] 666&#8230;<\/p>\n","protected":false},"author":1,"featured_media":3804,"parent":0,"menu_order":0,"comment_status":"closed","ping_status":"closed","template":"full_width.php","meta":{"footnotes":""},"class_list":["post-44857","page","type-page","status-publish","has-post-thumbnail","hentry"],"yoast_head":"<!-- This site is optimized with the Yoast SEO plugin v26.0 - https:\/\/yoast.com\/wordpress\/plugins\/seo\/ -->\n<title>Contacto para actividades team building -Kleem Eventos-<\/title>\n<meta name=\"description\" content=\"Para cualquier duda o sugerencia estamos a tu disposici\u00f3n tanto a trav\u00e9s de nuestra web como por correo o tel\u00e9fono. Tenemos mucho que ofrecerte, \u00a1ven!\" \/>\n<meta name=\"robots\" content=\"index, follow, max-snippet:-1, max-image-preview:large, max-video-preview:-1\" \/>\n<link rel=\"canonical\" href=\"https:\/\/www.kleemeventos.com\/en\/contact\/\" \/>\n<meta property=\"og:locale\" content=\"en_US\" \/>\n<meta property=\"og:type\" content=\"article\" \/>\n<meta property=\"og:title\" content=\"Contacto para actividades team building -Kleem Eventos-\" \/>\n<meta property=\"og:description\" content=\"Para cualquier duda o sugerencia estamos a tu disposici\u00f3n tanto a trav\u00e9s de nuestra web como por correo o tel\u00e9fono. Tenemos mucho que ofrecerte, \u00a1ven!\" \/>\n<meta property=\"og:url\" content=\"https:\/\/www.kleemeventos.com\/en\/contact\/\" \/>\n<meta property=\"og:site_name\" content=\"Kleem Eventos\" \/>\n<meta property=\"article:modified_time\" content=\"2025-06-12T13:41:48+00:00\" \/>\n<meta name=\"twitter:card\" content=\"summary_large_image\" \/>\n<meta name=\"twitter:label1\" content=\"Est. reading time\" \/>\n\t<meta name=\"twitter:data1\" content=\"2 minutes\" \/>\n<script type=\"application\/ld+json\" class=\"yoast-schema-graph\">{\"@context\":\"https:\/\/schema.org\",\"@graph\":[{\"@type\":\"WebPage\",\"@id\":\"https:\/\/www.kleemeventos.com\/en\/contact\/\",\"url\":\"https:\/\/www.kleemeventos.com\/en\/contact\/\",\"name\":\"Contacto para actividades team building -Kleem Eventos-\",\"isPartOf\":{\"@id\":\"https:\/\/www.kleemeventos.com\/en\/#website\"},\"primaryImageOfPage\":{\"@id\":\"https:\/\/www.kleemeventos.com\/en\/contact\/#primaryimage\"},\"image\":{\"@id\":\"https:\/\/www.kleemeventos.com\/en\/contact\/#primaryimage\"},\"thumbnailUrl\":\"https:\/\/www.kleemeventos.com\/wp-content\/uploads\/2016\/09\/blog.jpg\",\"datePublished\":\"2016-02-23T14:16:58+00:00\",\"dateModified\":\"2025-06-12T13:41:48+00:00\",\"description\":\"Para cualquier duda o sugerencia estamos a tu disposici\u00f3n tanto a trav\u00e9s de nuestra web como por correo o tel\u00e9fono. Tenemos mucho que ofrecerte, \u00a1ven!\",\"breadcrumb\":{\"@id\":\"https:\/\/www.kleemeventos.com\/en\/contact\/#breadcrumb\"},\"inLanguage\":\"en-US\",\"potentialAction\":[{\"@type\":\"ReadAction\",\"target\":[\"https:\/\/www.kleemeventos.com\/en\/contact\/\"]}]},{\"@type\":\"ImageObject\",\"inLanguage\":\"en-US\",\"@id\":\"https:\/\/www.kleemeventos.com\/en\/contact\/#primaryimage\",\"url\":\"https:\/\/www.kleemeventos.com\/wp-content\/uploads\/2016\/09\/blog.jpg\",\"contentUrl\":\"https:\/\/www.kleemeventos.com\/wp-content\/uploads\/2016\/09\/blog.jpg\",\"width\":800,\"height\":800,\"caption\":\"organizar actividades de equipo\"},{\"@type\":\"BreadcrumbList\",\"@id\":\"https:\/\/www.kleemeventos.com\/en\/contact\/#breadcrumb\",\"itemListElement\":[{\"@type\":\"ListItem\",\"position\":1,\"name\":\"Portada\",\"item\":\"https:\/\/www.kleemeventos.com\/en\/\"},{\"@type\":\"ListItem\",\"position\":2,\"name\":\"Contact\"}]},{\"@type\":\"WebSite\",\"@id\":\"https:\/\/www.kleemeventos.com\/en\/#website\",\"url\":\"https:\/\/www.kleemeventos.com\/en\/\",\"name\":\"Kleem Eventos\",\"description\":\"Team Building, actividades y eventos para empresas\",\"potentialAction\":[{\"@type\":\"SearchAction\",\"target\":{\"@type\":\"EntryPoint\",\"urlTemplate\":\"https:\/\/www.kleemeventos.com\/en\/?s={search_term_string}\"},\"query-input\":{\"@type\":\"PropertyValueSpecification\",\"valueRequired\":true,\"valueName\":\"search_term_string\"}}],\"inLanguage\":\"en-US\"}]}<\/script>\n<!-- \/ Yoast SEO plugin. -->","yoast_head_json":{"title":"Contacto para actividades team building -Kleem Eventos-","description":"Para cualquier duda o sugerencia estamos a tu disposici\u00f3n tanto a trav\u00e9s de nuestra web como por correo o tel\u00e9fono. Tenemos mucho que ofrecerte, \u00a1ven!","robots":{"index":"index","follow":"follow","max-snippet":"max-snippet:-1","max-image-preview":"max-image-preview:large","max-video-preview":"max-video-preview:-1"},"canonical":"https:\/\/www.kleemeventos.com\/en\/contact\/","og_locale":"en_US","og_type":"article","og_title":"Contacto para actividades team building -Kleem Eventos-","og_description":"Para cualquier duda o sugerencia estamos a tu disposici\u00f3n tanto a trav\u00e9s de nuestra web como por correo o tel\u00e9fono. Tenemos mucho que ofrecerte, \u00a1ven!","og_url":"https:\/\/www.kleemeventos.com\/en\/contact\/","og_site_name":"Kleem Eventos","article_modified_time":"2025-06-12T13:41:48+00:00","twitter_card":"summary_large_image","twitter_misc":{"Est. reading time":"2 minutes"},"schema":{"@context":"https:\/\/schema.org","@graph":[{"@type":"WebPage","@id":"https:\/\/www.kleemeventos.com\/en\/contact\/","url":"https:\/\/www.kleemeventos.com\/en\/contact\/","name":"Contacto para actividades team building -Kleem Eventos-","isPartOf":{"@id":"https:\/\/www.kleemeventos.com\/en\/#website"},"primaryImageOfPage":{"@id":"https:\/\/www.kleemeventos.com\/en\/contact\/#primaryimage"},"image":{"@id":"https:\/\/www.kleemeventos.com\/en\/contact\/#primaryimage"},"thumbnailUrl":"https:\/\/www.kleemeventos.com\/wp-content\/uploads\/2016\/09\/blog.jpg","datePublished":"2016-02-23T14:16:58+00:00","dateModified":"2025-06-12T13:41:48+00:00","description":"Para cualquier duda o sugerencia estamos a tu disposici\u00f3n tanto a trav\u00e9s de nuestra web como por correo o tel\u00e9fono. Tenemos mucho que ofrecerte, \u00a1ven!","breadcrumb":{"@id":"https:\/\/www.kleemeventos.com\/en\/contact\/#breadcrumb"},"inLanguage":"en-US","potentialAction":[{"@type":"ReadAction","target":["https:\/\/www.kleemeventos.com\/en\/contact\/"]}]},{"@type":"ImageObject","inLanguage":"en-US","@id":"https:\/\/www.kleemeventos.com\/en\/contact\/#primaryimage","url":"https:\/\/www.kleemeventos.com\/wp-content\/uploads\/2016\/09\/blog.jpg","contentUrl":"https:\/\/www.kleemeventos.com\/wp-content\/uploads\/2016\/09\/blog.jpg","width":800,"height":800,"caption":"organizar actividades de equipo"},{"@type":"BreadcrumbList","@id":"https:\/\/www.kleemeventos.com\/en\/contact\/#breadcrumb","itemListElement":[{"@type":"ListItem","position":1,"name":"Portada","item":"https:\/\/www.kleemeventos.com\/en\/"},{"@type":"ListItem","position":2,"name":"Contact"}]},{"@type":"WebSite","@id":"https:\/\/www.kleemeventos.com\/en\/#website","url":"https:\/\/www.kleemeventos.com\/en\/","name":"Kleem Eventos","description":"Team Building, actividades y eventos para empresas","potentialAction":[{"@type":"SearchAction","target":{"@type":"EntryPoint","urlTemplate":"https:\/\/www.kleemeventos.com\/en\/?s={search_term_string}"},"query-input":{"@type":"PropertyValueSpecification","valueRequired":true,"valueName":"search_term_string"}}],"inLanguage":"en-US"}]}},"_links":{"self":[{"href":"https:\/\/www.kleemeventos.com\/en\/wp-json\/wp\/v2\/pages\/44857","targetHints":{"allow":["GET"]}}],"collection":[{"href":"https:\/\/www.kleemeventos.com\/en\/wp-json\/wp\/v2\/pages"}],"about":[{"href":"https:\/\/www.kleemeventos.com\/en\/wp-json\/wp\/v2\/types\/page"}],"author":[{"embeddable":true,"href":"https:\/\/www.kleemeventos.com\/en\/wp-json\/wp\/v2\/users\/1"}],"replies":[{"embeddable":true,"href":"https:\/\/www.kleemeventos.com\/en\/wp-json\/wp\/v2\/comments?post=44857"}],"version-history":[{"count":2,"href":"https:\/\/www.kleemeventos.com\/en\/wp-json\/wp\/v2\/pages\/44857\/revisions"}],"predecessor-version":[{"id":46121,"href":"https:\/\/www.kleemeventos.com\/en\/wp-json\/wp\/v2\/pages\/44857\/revisions\/46121"}],"wp:featuredmedia":[{"embeddable":true,"href":"https:\/\/www.kleemeventos.com\/en\/wp-json\/wp\/v2\/media\/3804"}],"wp:attachment":[{"href":"https:\/\/www.kleemeventos.com\/en\/wp-json\/wp\/v2\/media?parent=44857"}],"curies":[{"name":"wp","href":"https:\/\/api.w.org\/{rel}","templated":true}]}}